{"id":2513,"date":"2023-01-11T11:49:04","date_gmt":"2023-01-11T10:49:04","guid":{"rendered":"https:\/\/www.cv-timber.vps42310.wl-server.com\/unternehmensgeschichte\/"},"modified":"2023-03-06T17:31:40","modified_gmt":"2023-03-06T16:31:40","slug":"historia-da-empresa","status":"publish","type":"page","link":"https:\/\/www.cv-timber.com\/pt-pt\/historia-da-empresa\/","title":{"rendered":"Hist\u00f3ria da empresa"},"content":{"rendered":"\t\t<div data-elementor-type=\"wp-page\" data-elementor-id=\"2513\" class=\"elementor elementor-2513 elementor-1548\">\n\t\t\t\t<div class=\"elementor-element elementor-element-e6567d4 e-flex e-con-boxed e-con e-parent\" data-id=\"e6567d4\" data-element_type=\"container\" data-e-type=\"container\" data-settings=\"{&quot;background_background&quot;:&quot;classic&quot;}\">\n\t\t\t\t\t<div class=\"e-con-inner\">\n\t\t\t\t<div class=\"elementor-element elementor-element-b91f18f elementor-widget__width-initial elementor-widget elementor-widget-heading\" data-id=\"b91f18f\" data-element_type=\"widget\" data-e-type=\"widget\" data-widget_type=\"heading.default\">\n\t\t\t\t<div class=\"elementor-widget-container\">\n\t\t\t\t\t<h2 class=\"elementor-heading-title elementor-size-default\">Hist\u00f3ria da empresa<\/h2>\t\t\t\t<\/div>\n\t\t\t\t<\/div>\n\t\t\t\t<div class=\"elementor-element elementor-element-6f7c905 elementor-widget__width-initial elementor-widget elementor-widget-text-editor\" data-id=\"6f7c905\" data-element_type=\"widget\" data-e-type=\"widget\" data-widget_type=\"text-editor.default\">\n\t\t\t\t<div class=\"elementor-widget-container\">\n\t\t\t\t\t\t\t\t\t<p>As fam\u00edlias fundadoras da CV-Timber s\u00e3o a terceira gera\u00e7\u00e3o a administrar a <em>Fazenda Curral Velho, <\/em>que \u00e9 uma fazenda de pinus.\u00a0 O &#8220;CV&#8221; em nosso nome significa &#8220;<em>Curral Velho&#8221; <\/em>&#8211; esta fazenda \u00e9 nosso &#8220;showroom&#8221;.<\/p><p>O av\u00f4 dos fundadores da CV-Timber emigrou para o Brasil nos anos 60 e foi um dos pioneiros no cultivo de florestas de pinus na Am\u00e9rica do Sul.<\/p><p>A CV-Timber combina o know-how florestal familiar com a experi\u00eancia em gest\u00e3o de ativos.<\/p>\t\t\t\t\t\t\t\t<\/div>\n\t\t\t\t<\/div>\n\t\t\t\t<div class=\"elementor-element elementor-element-760488f elementor-align-center elementor-widget elementor-widget-button\" data-id=\"760488f\" data-element_type=\"widget\" data-e-type=\"widget\" data-widget_type=\"button.default\">\n\t\t\t\t<div class=\"elementor-widget-container\">\n\t\t\t\t\t\t\t\t\t<div class=\"elementor-button-wrapper\">\n\t\t\t\t\t<a class=\"elementor-button elementor-button-link elementor-size-sm\" href=\"https:\/\/www.cv-timber.com\/pt-pt\/estrutura-da-empresa\/\">\n\t\t\t\t\t\t<span class=\"elementor-button-content-wrapper\">\n\t\t\t\t\t\t<span class=\"elementor-button-icon\">\n\t\t\t\t<i aria-hidden=\"true\" class=\"fas fa-long-arrow-alt-down\"><\/i>\t\t\t<\/span>\n\t\t\t\t\t\t\t\t\t<span class=\"elementor-button-text\">Estrutura da empresa<\/span>\n\t\t\t\t\t<\/span>\n\t\t\t\t\t<\/a>\n\t\t\t\t<\/div>\n\t\t\t\t\t\t\t\t<\/div>\n\t\t\t\t<\/div>\n\t\t\t\t\t<\/div>\n\t\t\t\t<\/div>\n\t\t\t\t<\/div>\n\t\t","protected":false},"excerpt":{"rendered":"<p>Hist\u00f3ria da empresa As fam\u00edlias fundadoras da CV-Timber s\u00e3o a terceira gera\u00e7\u00e3o a administrar a Fazenda Curral Velho, que \u00e9 uma fazenda de pinus.\u00a0 O &#8220;CV&#8221; em nosso nome significa &#8220;Curral Velho&#8221; &#8211; esta fazenda \u00e9 nosso &#8220;showroom&#8221;. O av\u00f4 dos fundadores da CV-Timber emigrou para o Brasil nos anos 60 e foi um dos [&hellip;]<\/p>\n","protected":false},"author":2,"featured_media":0,"parent":0,"menu_order":0,"comment_status":"closed","ping_status":"closed","template":"","meta":{"footnotes":""},"class_list":["post-2513","page","type-page","status-publish","hentry"],"yoast_head":"<!-- This site is optimized with the Yoast SEO plugin v26.6 - https:\/\/yoast.com\/wordpress\/plugins\/seo\/ -->\n<title>Hist\u00f3ria da empresa &#8211; CV Timber<\/title>\n<meta name=\"robots\" content=\"index, follow, max-snippet:-1, max-image-preview:large, max-video-preview:-1\" \/>\n<link rel=\"canonical\" href=\"https:\/\/www.cv-timber.com\/unternehmensgeschichte\/\" \/>\n<meta property=\"og:locale\" content=\"pt_PT\" \/>\n<meta property=\"og:type\" content=\"article\" \/>\n<meta property=\"og:title\" content=\"Hist\u00f3ria da empresa &#8211; CV Timber\" \/>\n<meta property=\"og:description\" content=\"Hist\u00f3ria da empresa As fam\u00edlias fundadoras da CV-Timber s\u00e3o a terceira gera\u00e7\u00e3o a administrar a Fazenda Curral Velho, que \u00e9 uma fazenda de pinus.\u00a0 O &#8220;CV&#8221; em nosso nome significa &#8220;Curral Velho&#8221; &#8211; esta fazenda \u00e9 nosso &#8220;showroom&#8221;. O av\u00f4 dos fundadores da CV-Timber emigrou para o Brasil nos anos 60 e foi um dos [&hellip;]\" \/>\n<meta property=\"og:url\" content=\"https:\/\/www.cv-timber.com\/unternehmensgeschichte\/\" \/>\n<meta property=\"og:site_name\" content=\"CV Timber\" \/>\n<meta property=\"article:modified_time\" content=\"2023-03-06T16:31:40+00:00\" \/>\n<meta name=\"twitter:card\" content=\"summary_large_image\" \/>\n<meta name=\"twitter:label1\" content=\"Tempo estimado de leitura\" \/>\n\t<meta name=\"twitter:data1\" content=\"1 minuto\" \/>\n<script type=\"application\/ld+json\" class=\"yoast-schema-graph\">{\"@context\":\"https:\/\/schema.org\",\"@graph\":[{\"@type\":\"WebPage\",\"@id\":\"https:\/\/www.cv-timber.com\/unternehmensgeschichte\/\",\"url\":\"https:\/\/www.cv-timber.com\/unternehmensgeschichte\/\",\"name\":\"Hist\u00f3ria da empresa &#8211; CV Timber\",\"isPartOf\":{\"@id\":\"https:\/\/www.cv-timber.com\/#website\"},\"datePublished\":\"2023-01-11T10:49:04+00:00\",\"dateModified\":\"2023-03-06T16:31:40+00:00\",\"breadcrumb\":{\"@id\":\"https:\/\/www.cv-timber.com\/unternehmensgeschichte\/#breadcrumb\"},\"inLanguage\":\"pt-PT\",\"potentialAction\":[{\"@type\":\"ReadAction\",\"target\":[\"https:\/\/www.cv-timber.com\/unternehmensgeschichte\/\"]}]},{\"@type\":\"BreadcrumbList\",\"@id\":\"https:\/\/www.cv-timber.com\/unternehmensgeschichte\/#breadcrumb\",\"itemListElement\":[{\"@type\":\"ListItem\",\"position\":1,\"name\":\"Startseite\",\"item\":\"https:\/\/www.cv-timber.com\/pt-pt\/\"},{\"@type\":\"ListItem\",\"position\":2,\"name\":\"Hist\u00f3ria da empresa\"}]},{\"@type\":\"WebSite\",\"@id\":\"https:\/\/www.cv-timber.com\/#website\",\"url\":\"https:\/\/www.cv-timber.com\/\",\"name\":\"CV Timber\",\"description\":\"\",\"publisher\":{\"@id\":\"https:\/\/www.cv-timber.com\/#organization\"},\"potentialAction\":[{\"@type\":\"SearchAction\",\"target\":{\"@type\":\"EntryPoint\",\"urlTemplate\":\"https:\/\/www.cv-timber.com\/?s={search_term_string}\"},\"query-input\":{\"@type\":\"PropertyValueSpecification\",\"valueRequired\":true,\"valueName\":\"search_term_string\"}}],\"inLanguage\":\"pt-PT\"},{\"@type\":\"Organization\",\"@id\":\"https:\/\/www.cv-timber.com\/#organization\",\"name\":\"CV Timber\",\"url\":\"https:\/\/www.cv-timber.com\/\",\"logo\":{\"@type\":\"ImageObject\",\"inLanguage\":\"pt-PT\",\"@id\":\"https:\/\/www.cv-timber.com\/#\/schema\/logo\/image\/\",\"url\":\"https:\/\/www.cv-timber.com\/wp-content\/uploads\/2023\/02\/cv-timber-logo.svg\",\"contentUrl\":\"https:\/\/www.cv-timber.com\/wp-content\/uploads\/2023\/02\/cv-timber-logo.svg\",\"caption\":\"CV Timber\"},\"image\":{\"@id\":\"https:\/\/www.cv-timber.com\/#\/schema\/logo\/image\/\"}}]}<\/script>\n<!-- \/ Yoast SEO plugin. -->","yoast_head_json":{"title":"Hist\u00f3ria da empresa &#8211; CV Timber","robots":{"index":"index","follow":"follow","max-snippet":"max-snippet:-1","max-image-preview":"max-image-preview:large","max-video-preview":"max-video-preview:-1"},"canonical":"https:\/\/www.cv-timber.com\/unternehmensgeschichte\/","og_locale":"pt_PT","og_type":"article","og_title":"Hist\u00f3ria da empresa &#8211; CV Timber","og_description":"Hist\u00f3ria da empresa As fam\u00edlias fundadoras da CV-Timber s\u00e3o a terceira gera\u00e7\u00e3o a administrar a Fazenda Curral Velho, que \u00e9 uma fazenda de pinus.\u00a0 O &#8220;CV&#8221; em nosso nome significa &#8220;Curral Velho&#8221; &#8211; esta fazenda \u00e9 nosso &#8220;showroom&#8221;. O av\u00f4 dos fundadores da CV-Timber emigrou para o Brasil nos anos 60 e foi um dos [&hellip;]","og_url":"https:\/\/www.cv-timber.com\/unternehmensgeschichte\/","og_site_name":"CV Timber","article_modified_time":"2023-03-06T16:31:40+00:00","twitter_card":"summary_large_image","twitter_misc":{"Tempo estimado de leitura":"1 minuto"},"schema":{"@context":"https:\/\/schema.org","@graph":[{"@type":"WebPage","@id":"https:\/\/www.cv-timber.com\/unternehmensgeschichte\/","url":"https:\/\/www.cv-timber.com\/unternehmensgeschichte\/","name":"Hist\u00f3ria da empresa &#8211; CV Timber","isPartOf":{"@id":"https:\/\/www.cv-timber.com\/#website"},"datePublished":"2023-01-11T10:49:04+00:00","dateModified":"2023-03-06T16:31:40+00:00","breadcrumb":{"@id":"https:\/\/www.cv-timber.com\/unternehmensgeschichte\/#breadcrumb"},"inLanguage":"pt-PT","potentialAction":[{"@type":"ReadAction","target":["https:\/\/www.cv-timber.com\/unternehmensgeschichte\/"]}]},{"@type":"BreadcrumbList","@id":"https:\/\/www.cv-timber.com\/unternehmensgeschichte\/#breadcrumb","itemListElement":[{"@type":"ListItem","position":1,"name":"Startseite","item":"https:\/\/www.cv-timber.com\/pt-pt\/"},{"@type":"ListItem","position":2,"name":"Hist\u00f3ria da empresa"}]},{"@type":"WebSite","@id":"https:\/\/www.cv-timber.com\/#website","url":"https:\/\/www.cv-timber.com\/","name":"CV Timber","description":"","publisher":{"@id":"https:\/\/www.cv-timber.com\/#organization"},"potentialAction":[{"@type":"SearchAction","target":{"@type":"EntryPoint","urlTemplate":"https:\/\/www.cv-timber.com\/?s={search_term_string}"},"query-input":{"@type":"PropertyValueSpecification","valueRequired":true,"valueName":"search_term_string"}}],"inLanguage":"pt-PT"},{"@type":"Organization","@id":"https:\/\/www.cv-timber.com\/#organization","name":"CV Timber","url":"https:\/\/www.cv-timber.com\/","logo":{"@type":"ImageObject","inLanguage":"pt-PT","@id":"https:\/\/www.cv-timber.com\/#\/schema\/logo\/image\/","url":"https:\/\/www.cv-timber.com\/wp-content\/uploads\/2023\/02\/cv-timber-logo.svg","contentUrl":"https:\/\/www.cv-timber.com\/wp-content\/uploads\/2023\/02\/cv-timber-logo.svg","caption":"CV Timber"},"image":{"@id":"https:\/\/www.cv-timber.com\/#\/schema\/logo\/image\/"}}]}},"_links":{"self":[{"href":"https:\/\/www.cv-timber.com\/pt-pt\/wp-json\/wp\/v2\/pages\/2513","targetHints":{"allow":["GET"]}}],"collection":[{"href":"https:\/\/www.cv-timber.com\/pt-pt\/wp-json\/wp\/v2\/pages"}],"about":[{"href":"https:\/\/www.cv-timber.com\/pt-pt\/wp-json\/wp\/v2\/types\/page"}],"author":[{"embeddable":true,"href":"https:\/\/www.cv-timber.com\/pt-pt\/wp-json\/wp\/v2\/users\/2"}],"replies":[{"embeddable":true,"href":"https:\/\/www.cv-timber.com\/pt-pt\/wp-json\/wp\/v2\/comments?post=2513"}],"version-history":[{"count":7,"href":"https:\/\/www.cv-timber.com\/pt-pt\/wp-json\/wp\/v2\/pages\/2513\/revisions"}],"predecessor-version":[{"id":3115,"href":"https:\/\/www.cv-timber.com\/pt-pt\/wp-json\/wp\/v2\/pages\/2513\/revisions\/3115"}],"wp:attachment":[{"href":"https:\/\/www.cv-timber.com\/pt-pt\/wp-json\/wp\/v2\/media?parent=2513"}],"curies":[{"name":"wp","href":"https:\/\/api.w.org\/{rel}","templated":true}]}}